{"id":3,"date":"2026-03-05T16:16:05","date_gmt":"2026-03-05T16:16:05","guid":{"rendered":"https:\/\/saludvisualkosher.com\/?page_id=3"},"modified":"2026-03-06T03:13:18","modified_gmt":"2026-03-06T03:13:18","slug":"privacy-policy","status":"publish","type":"page","link":"https:\/\/saludvisualkosher.com\/index.php\/privacy-policy\/","title":{"rendered":"Pol\u00edticas de Privacidad"},"content":{"rendered":"\n<h2 class=\"wp-block-heading\">Pol\u00edticas de Privacidad<\/h2>\n\n\n\n<h2 class=\"wp-block-heading\">Qui\u00e9nes Somos<\/h2>\n\n\n\n<p><strong>Salud Visual Kosher \u2013 Atenci\u00f3n oftalmol\u00f3gica especializada<\/strong><\/p>\n\n\n\n<p>El presente sitio web <strong><a href=\"https:\/\/saludvisualkosher.com\">https:\/\/saludvisualkosher.com<\/a><\/strong> corresponde a la marca profesional <strong>Salud Visual Kosher<\/strong>, orientada a brindar informaci\u00f3n sobre servicios oftalmol\u00f3gicos, diagn\u00f3stico, tratamientos y procedimientos relacionados con la salud visual.<\/p>\n\n\n\n<p>La atenci\u00f3n m\u00e9dica es realizada por la <strong>Dra. Silvana Serpa Cuesta, Cirujana Oftalm\u00f3loga<\/strong>.<\/p>\n\n\n\n<p>Para cualquier consulta relacionada con esta pol\u00edtica puede contactarnos a trav\u00e9s del <strong>bot\u00f3n oficial de WhatsApp disponible en el sitio web<\/strong> o mediante los canales de contacto publicados en la p\u00e1gina.<\/p>\n\n\n\n<hr class=\"wp-block-separator has-alpha-channel-opacity\"\/>\n\n\n\n<h1 class=\"wp-block-heading\">Datos que recopilamos<\/h1>\n\n\n\n<p>Este sitio web <strong>no recopila datos personales directamente<\/strong>, ya que:<\/p>\n\n\n\n<ul class=\"wp-block-list\">\n<li>No cuenta con formularios de registro de pacientes.<\/li>\n\n\n\n<li>No permite la creaci\u00f3n de cuentas de usuario.<\/li>\n\n\n\n<li>No almacena informaci\u00f3n m\u00e9dica en l\u00ednea.<\/li>\n\n\n\n<li>No gestiona historias cl\u00ednicas a trav\u00e9s del sitio web.<\/li>\n<\/ul>\n\n\n\n<p>La \u00fanica v\u00eda de contacto disponible es mediante <strong>enlaces directos de comunicaci\u00f3n<\/strong>, como el bot\u00f3n de <strong>WhatsApp<\/strong>, que redirige al usuario de manera voluntaria a una plataforma externa.<\/p>\n\n\n\n<hr class=\"wp-block-separator has-alpha-channel-opacity\"\/>\n\n\n\n<h1 class=\"wp-block-heading\">Uso de WhatsApp<\/h1>\n\n\n\n<p>Al hacer clic en el bot\u00f3n de <strong>WhatsApp<\/strong>, el usuario abandona este sitio web y pasa a interactuar directamente con la plataforma de WhatsApp.<\/p>\n\n\n\n<p>WhatsApp cuenta con <strong>sus propias pol\u00edticas de privacidad y tratamiento de datos<\/strong>, sobre las cuales Salud Visual Kosher no tiene control.<\/p>\n\n\n\n<p>La informaci\u00f3n enviada voluntariamente por el usuario a trav\u00e9s de esa aplicaci\u00f3n es gestionada \u00fanicamente dentro de dicho canal de comunicaci\u00f3n.<\/p>\n\n\n\n<hr class=\"wp-block-separator has-alpha-channel-opacity\"\/>\n\n\n\n<h1 class=\"wp-block-heading\">Cookies<\/h1>\n\n\n\n<p>Este sitio web puede utilizar <strong>cookies t\u00e9cnicas necesarias para su funcionamiento b\u00e1sico<\/strong>, propias de WordPress o del proveedor de hosting.<\/p>\n\n\n\n<p>Estas cookies pueden servir para:<\/p>\n\n\n\n<ul class=\"wp-block-list\">\n<li>mejorar la experiencia de navegaci\u00f3n<\/li>\n\n\n\n<li>permitir el funcionamiento t\u00e9cnico del sitio<\/li>\n\n\n\n<li>optimizar la carga de p\u00e1ginas<\/li>\n<\/ul>\n\n\n\n<p>Estas cookies <strong>no recopilan informaci\u00f3n m\u00e9dica ni datos sensibles<\/strong>.<\/p>\n\n\n\n<p>El usuario puede desactivar las cookies en cualquier momento desde la configuraci\u00f3n de su navegador.<\/p>\n\n\n\n<hr class=\"wp-block-separator has-alpha-channel-opacity\"\/>\n\n\n\n<h1 class=\"wp-block-heading\">Protecci\u00f3n de la Informaci\u00f3n<\/h1>\n\n\n\n<p>Este sitio web <strong>no almacena diagn\u00f3sticos m\u00e9dicos, historias cl\u00ednicas ni informaci\u00f3n sensible de pacientes<\/strong>.<\/p>\n\n\n\n<p>Cualquier informaci\u00f3n compartida por los usuarios a trav\u00e9s de medios externos de contacto se maneja bajo <strong>criterios de confidencialidad profesional<\/strong>, conforme a las normas \u00e9ticas aplicables al ejercicio de la medicina.<\/p>\n\n\n\n<hr class=\"wp-block-separator has-alpha-channel-opacity\"\/>\n\n\n\n<h1 class=\"wp-block-heading\">Derechos del Usuario<\/h1>\n\n\n\n<p>El usuario puede solicitar informaci\u00f3n sobre el manejo de sus datos o realizar consultas relacionadas con esta pol\u00edtica de privacidad contact\u00e1ndonos a trav\u00e9s de los canales disponibles en el sitio web.<\/p>\n\n\n\n<hr class=\"wp-block-separator has-alpha-channel-opacity\"\/>\n\n\n\n<h1 class=\"wp-block-heading\">Modificaciones<\/h1>\n\n\n\n<p>Esta pol\u00edtica de privacidad puede ser actualizada en cualquier momento para cumplir con <strong>normativas vigentes, mejoras tecnol\u00f3gicas o cambios en el funcionamiento del sitio web<\/strong>.<\/p>\n\n\n\n<p>Se recomienda revisar peri\u00f3dicamente esta secci\u00f3n.<\/p>\n\n\n\n<hr class=\"wp-block-separator has-alpha-channel-opacity\"\/>\n\n\n\n<h1 class=\"wp-block-heading\">\u00daltima actualizaci\u00f3n<\/h1>\n\n\n\n<p>5 de marzo de 2026.<\/p>\n","protected":false},"excerpt":{"rendered":"<p>Pol\u00edticas de Privacidad Qui\u00e9nes Somos Salud Visual Kosher \u2013 Atenci\u00f3n oftalmol\u00f3gica especializada El presente sitio web https:\/\/saludvisualkosher.com corresponde a la marca profesional Salud Visual Kosher, orientada a brindar informaci\u00f3n sobre servicios oftalmol\u00f3gicos, diagn\u00f3stico, tratamientos y procedimientos relacionados con la salud visual. La atenci\u00f3n m\u00e9dica es realizada por la Dra. Silvana Serpa Cuesta, Cirujana Oftalm\u00f3loga. Para [&hellip;]<\/p>\n","protected":false},"author":1,"featured_media":0,"parent":0,"menu_order":0,"comment_status":"closed","ping_status":"closed","template":"","meta":{"footnotes":""},"class_list":["post-3","page","type-page","status-publish","hentry"],"_links":{"self":[{"href":"https:\/\/saludvisualkosher.com\/index.php\/wp-json\/wp\/v2\/pages\/3","targetHints":{"allow":["GET"]}}],"collection":[{"href":"https:\/\/saludvisualkosher.com\/index.php\/wp-json\/wp\/v2\/pages"}],"about":[{"href":"https:\/\/saludvisualkosher.com\/index.php\/wp-json\/wp\/v2\/types\/page"}],"author":[{"embeddable":true,"href":"https:\/\/saludvisualkosher.com\/index.php\/wp-json\/wp\/v2\/users\/1"}],"replies":[{"embeddable":true,"href":"https:\/\/saludvisualkosher.com\/index.php\/wp-json\/wp\/v2\/comments?post=3"}],"version-history":[{"count":2,"href":"https:\/\/saludvisualkosher.com\/index.php\/wp-json\/wp\/v2\/pages\/3\/revisions"}],"predecessor-version":[{"id":110,"href":"https:\/\/saludvisualkosher.com\/index.php\/wp-json\/wp\/v2\/pages\/3\/revisions\/110"}],"wp:attachment":[{"href":"https:\/\/saludvisualkosher.com\/index.php\/wp-json\/wp\/v2\/media?parent=3"}],"curies":[{"name":"wp","href":"https:\/\/api.w.org\/{rel}","templated":true}]}}